{"id":9194,"date":"2018-04-04T09:43:05","date_gmt":"2018-04-04T09:43:05","guid":{"rendered":"https:\/\/seguroseyagt.com\/?page_id=9194"},"modified":"2020-11-05T18:24:00","modified_gmt":"2020-11-05T18:24:00","slug":"about-our-company","status":"publish","type":"page","link":"https:\/\/seguroseyagt.com\/?page_id=9194","title":{"rendered":"Misi\u00f3n"},"content":{"rendered":"<p>[vc_row gap=&#8221;10&#8243; css=&#8221;.vc_custom_1522818976704{margin-top: 0px !important;margin-bottom: 0px !important;padding-top: 80px !important;padding-bottom: 52px !important;}&#8221;][vc_column width=&#8221;1\/2&#8243; css=&#8221;.vc_custom_1522754688404{margin-top: 0px !important;margin-bottom: 0px !important;padding-top: 0px !important;padding-bottom: 0px !important;background-color: #ffffff !important;}&#8221;][vc_column_text][\/vc_column_text][vc_single_image image=&#8221;9587&#8243; img_size=&#8221;full&#8221;][\/vc_column][vc_column width=&#8221;1\/4&#8243; css=&#8221;.vc_custom_1522819129966{margin-top: 0px !important;margin-bottom: 0px !important;border-right-width: 1px !important;padding-top: 0px !important;padding-right: 35px !important;padding-bottom: 0px !important;padding-left: 35px !important;background-color: #ffffff !important;border-right-color: #eaeaea !important;border-right-style: solid !important;border-radius: 1px !important;}&#8221; el_class=&#8221;hover-box&#8221;][vc_column_text]<\/p>\n<p>&nbsp;<\/p>\n<p><em>Contribuir al desarrollo de los pa\u00edses Centroamericanos mediante la instituci\u00f3n del seguro a trav\u00e9s de valores como la Integridad, Probidad, Responsabilidad, Voluntad y Servicio.<\/em><\/p>\n<p>&nbsp;<\/p>\n<p><strong><em>&#8220;Uno a uno, todos somos mortales. Juntos, somos eternos&#8221; -Apuleyo-<\/em><\/strong>[\/vc_column_text][\/vc_column][\/vc_row]<\/p>\n","protected":false},"excerpt":{"rendered":"<p>[vc_row gap=&#8221;10&#8243; css=&#8221;.vc_custom_1522818976704{margin-top: 0px !important;margin-bottom: 0px !important;padding-top: 80px !important;padding-bottom: 52px !important;}&#8221;][vc_column width=&#8221;1\/2&#8243; css=&#8221;.vc_custom_1522754688404{margin-top: 0px !important;margin-bottom: 0px !important;padding-top: 0px !important;padding-bottom: 0px !important;background-color: #ffffff !important;}&#8221;][vc_column_text][\/vc_column_text][vc_single_image image=&#8221;9587&#8243; img_size=&#8221;full&#8221;][\/vc_column][vc_column width=&#8221;1\/4&#8243; css=&#8221;.vc_custom_1522819129966{margin-top: 0px !important;margin-bottom: 0px !important;border-right-width: 1px !important;padding-top: 0px !important;padding-right: 35px !important;padding-bottom: 0px !important;padding-left: 35px !important;background-color: #ffffff !important;border-right-color: #eaeaea !important;border-right-style: solid !important;border-radius: 1px !important;}&#8221; el_class=&#8221;hover-box&#8221;][vc_column_text] &nbsp; Contribuir al desarrollo de [&hellip;]<\/p>\n","protected":false},"author":1,"featured_media":0,"parent":0,"menu_order":0,"comment_status":"closed","ping_status":"closed","template":"","meta":[],"_links":{"self":[{"href":"https:\/\/seguroseyagt.com\/index.php?rest_route=\/wp\/v2\/pages\/9194"}],"collection":[{"href":"https:\/\/seguroseyagt.com\/index.php?rest_route=\/wp\/v2\/pages"}],"about":[{"href":"https:\/\/seguroseyagt.com\/index.php?rest_route=\/wp\/v2\/types\/page"}],"author":[{"embeddable":true,"href":"https:\/\/seguroseyagt.com\/index.php?rest_route=\/wp\/v2\/users\/1"}],"replies":[{"embeddable":true,"href":"https:\/\/seguroseyagt.com\/index.php?rest_route=%2Fwp%2Fv2%2Fcomments&post=9194"}],"version-history":[{"count":9,"href":"https:\/\/seguroseyagt.com\/index.php?rest_route=\/wp\/v2\/pages\/9194\/revisions"}],"predecessor-version":[{"id":9629,"href":"https:\/\/seguroseyagt.com\/index.php?rest_route=\/wp\/v2\/pages\/9194\/revisions\/9629"}],"wp:attachment":[{"href":"https:\/\/seguroseyagt.com\/index.php?rest_route=%2Fwp%2Fv2%2Fmedia&parent=9194"}],"curies":[{"name":"wp","href":"https:\/\/api.w.org\/{rel}","templated":true}]}}